{"id":89,"date":"2021-06-03T20:44:38","date_gmt":"2021-06-03T18:44:38","guid":{"rendered":"https:\/\/netwerk.dialoog.net\/?page_id=89"},"modified":"2024-08-21T11:08:06","modified_gmt":"2024-08-21T09:08:06","slug":"rede","status":"publish","type":"page","link":"https:\/\/netwerk.dialoog.net\/pt-br\/","title":{"rendered":"Bem-vindo \u00e0 rede Dialoog"},"content":{"rendered":"\r\n<h2>Bem-vindo \u00e0 rede Dialoog<\/h2>\r\n<p>N\u00f3s somos a plataforma para o Forma\u00e7\u00e3o Din\u00e2mica de Juizo\u00ae. Nossa atividade principal \u00e9 o treinamento de profissionais.<\/p>\r\n\r\n\r\n\r\n<p>Forma\u00e7\u00e3o Din\u00e2mica de Juizo\u00ae \u00e9 um instrumento para fortalecer a capacidade de fazer julgamentos, a fim de lidar de forma consciente e eficiente com os problemas e desafios di\u00e1rios. Fazer as perguntas certas \u00e9 crucial aqui.<\/p>\r\n\r\n\r\n\r\n<p>O Forma\u00e7\u00e3o Din\u00e2mica de Juizo\u00ae funciona! Ele fortalece o di\u00e1logo entre as pessoas e contribui para a presen\u00e7a da mente. Isto est\u00e1 claro n\u00e3o apenas pelos resultados, mas tamb\u00e9m pelo entusiasmo com que nossos treinadores, treinadores e conselheiros trabalham com ele todos os dias.<\/p>\r\n\r\n\r\n\r\n<p>Curioso? Para uma pequena pergunta ou um verdadeiro di\u00e1logo, entre em contato conosco.<\/p>\r\n\r\n\r\n\r\n<p>Pessoa de contato para o Brasil: Maria de F\u00e1tima Helou<br \/><a href=\"http:\/\/www.pedagogiasocial.com.br\" target=\"_blank\" rel=\"noreferrer noopener\">www.pedagogiasocial.com.br<\/a><\/p>\r\n","protected":false},"excerpt":{"rendered":"Bem-vindo \u00e0 rede Dialoog N\u00f3s somos a plataforma para o Forma\u00e7\u00e3o Din\u00e2mica de Juizo\u00ae. Nossa atividade principal \u00e9 o treinamento...","protected":false},"author":1,"featured_media":0,"parent":0,"menu_order":0,"comment_status":"closed","ping_status":"closed","template":"","meta":{"_bbp_topic_count":0,"_bbp_reply_count":0,"_bbp_total_topic_count":0,"_bbp_total_reply_count":0,"_bbp_voice_count":0,"_bbp_anonymous_reply_count":0,"_bbp_topic_count_hidden":0,"_bbp_reply_count_hidden":0,"_bbp_forum_subforum_count":0,"footnotes":""},"class_list":["post-89","page","type-page","status-publish","hentry"],"aioseo_notices":[],"_links":{"self":[{"href":"https:\/\/netwerk.dialoog.net\/pt-br\/wp-json\/wp\/v2\/pages\/89","targetHints":{"allow":["GET"]}}],"collection":[{"href":"https:\/\/netwerk.dialoog.net\/pt-br\/wp-json\/wp\/v2\/pages"}],"about":[{"href":"https:\/\/netwerk.dialoog.net\/pt-br\/wp-json\/wp\/v2\/types\/page"}],"author":[{"embeddable":true,"href":"https:\/\/netwerk.dialoog.net\/pt-br\/wp-json\/wp\/v2\/users\/1"}],"replies":[{"embeddable":true,"href":"https:\/\/netwerk.dialoog.net\/pt-br\/wp-json\/wp\/v2\/comments?post=89"}],"version-history":[{"count":9,"href":"https:\/\/netwerk.dialoog.net\/pt-br\/wp-json\/wp\/v2\/pages\/89\/revisions"}],"predecessor-version":[{"id":3963,"href":"https:\/\/netwerk.dialoog.net\/pt-br\/wp-json\/wp\/v2\/pages\/89\/revisions\/3963"}],"wp:attachment":[{"href":"https:\/\/netwerk.dialoog.net\/pt-br\/wp-json\/wp\/v2\/media?parent=89"}],"curies":[{"name":"wp","href":"https:\/\/api.w.org\/{rel}","templated":true}]}}