{"id":91,"date":"2021-06-03T20:45:19","date_gmt":"2021-06-03T18:45:19","guid":{"rendered":"https:\/\/netwerk.dialoog.net\/?page_id=91"},"modified":"2024-08-21T11:06:41","modified_gmt":"2024-08-21T09:06:41","slug":"la-red","status":"publish","type":"page","link":"https:\/\/netwerk.dialoog.net\/es\/","title":{"rendered":"Bienvenido a la red de Di\u00e1logo"},"content":{"rendered":"\r\n<h2>Bienvenido a la red de Di\u00e1logo<\/h2>\r\n<p>Somos la plataforma de Juicios Din\u00e1micos\u00ae. Nuestra actividad principal es la formaci\u00f3n de profesionales.<\/p>\r\n\r\n\r\n\r\n<p>El Juicios Din\u00e1micos\u00ae es un instrumento para fortalecer la capacidad de juicio, con el fin de afrontar los problemas y retos cotidianos de forma consciente y eficaz. En este caso, es fundamental hacer las preguntas adecuadas.<\/p>\r\n\r\n\r\n\r\n<p>\u00a1Juicios Din\u00e1micos\u00ae funciona! Refuerza el di\u00e1logo entre las personas y contribuye a la presencia de \u00e1nimo. Esto queda claro no s\u00f3lo por los resultados, sino tambi\u00e9n por el entusiasmo con el que nuestros formadores, entrenadores y asesores trabajan con \u00e9l cada d\u00eda.<\/p>\r\n\r\n\r\n\r\n<p>\u00bfTienes curiosidad? Para una peque\u00f1a pregunta o un verdadero di\u00e1logo, p\u00f3ngase en contacto con nosotros.<\/p>\r\n\r\n\r\n\r\n<p>Contactos para Chile: <a href=\"http:\/\/www.floc.cl\" target=\"_blank\" rel=\"noopener\">Alejandra Galleguillos &#8211; Susana Leighton<\/a><\/p>\r\n","protected":false},"excerpt":{"rendered":"Bienvenido a la red de Di\u00e1logo Somos la plataforma de Juicios Din\u00e1micos\u00ae. Nuestra actividad principal es la formaci\u00f3n de profesionales....","protected":false},"author":1,"featured_media":0,"parent":0,"menu_order":0,"comment_status":"closed","ping_status":"closed","template":"","meta":{"_bbp_topic_count":0,"_bbp_reply_count":0,"_bbp_total_topic_count":0,"_bbp_total_reply_count":0,"_bbp_voice_count":0,"_bbp_anonymous_reply_count":0,"_bbp_topic_count_hidden":0,"_bbp_reply_count_hidden":0,"_bbp_forum_subforum_count":0,"footnotes":""},"class_list":["post-91","page","type-page","status-publish","hentry"],"aioseo_notices":[],"_links":{"self":[{"href":"https:\/\/netwerk.dialoog.net\/es\/wp-json\/wp\/v2\/pages\/91","targetHints":{"allow":["GET"]}}],"collection":[{"href":"https:\/\/netwerk.dialoog.net\/es\/wp-json\/wp\/v2\/pages"}],"about":[{"href":"https:\/\/netwerk.dialoog.net\/es\/wp-json\/wp\/v2\/types\/page"}],"author":[{"embeddable":true,"href":"https:\/\/netwerk.dialoog.net\/es\/wp-json\/wp\/v2\/users\/1"}],"replies":[{"embeddable":true,"href":"https:\/\/netwerk.dialoog.net\/es\/wp-json\/wp\/v2\/comments?post=91"}],"version-history":[{"count":8,"href":"https:\/\/netwerk.dialoog.net\/es\/wp-json\/wp\/v2\/pages\/91\/revisions"}],"predecessor-version":[{"id":3962,"href":"https:\/\/netwerk.dialoog.net\/es\/wp-json\/wp\/v2\/pages\/91\/revisions\/3962"}],"wp:attachment":[{"href":"https:\/\/netwerk.dialoog.net\/es\/wp-json\/wp\/v2\/media?parent=91"}],"curies":[{"name":"wp","href":"https:\/\/api.w.org\/{rel}","templated":true}]}}