{"id":271,"date":"2021-06-06T18:49:07","date_gmt":"2021-06-06T16:49:07","guid":{"rendered":"https:\/\/netwerk.dialoog.net\/?page_id=271"},"modified":"2024-08-21T11:05:51","modified_gmt":"2024-08-21T09:05:51","slug":"willkommen","status":"publish","type":"page","link":"https:\/\/netwerk.dialoog.net\/de\/","title":{"rendered":"Willkommen im Dialoog-Netzwerk"},"content":{"rendered":"<h2>Willkommen im Dialoog-Netzwerk<\/h2>\n<p>Wir sind die Plattform f\u00fcr Dynamische Urteilsbildung\u00ae. Unsere Kernaktivit\u00e4t ist die Ausbildung von Fachkr\u00e4ften.<\/p>\n<p>Dynamische Urteilsbildung\u00ae ist ein Instrument zur St\u00e4rkung der Urteilsf\u00e4higkeit, um mit t\u00e4glichen Problemen und Herausforderungen bewusst und effizient umzugehen. Hier ist es entscheidend, die richtigen Fragen zu stellen.<\/p>\n<p>Dynamische Urteilsbildung\u00ae funktioniert! Es st\u00e4rkt den Dialog zwischen den Menschen und tr\u00e4gt zur Geistesgegenwart bei. Das zeigt sich nicht nur an den Ergebnissen, sondern auch an der Begeisterung, mit der unsere Trainer, Coaches und Berater t\u00e4glich damit arbeiten.<\/p>\n<p>Neugierig? F\u00fcr eine kleine Frage oder einen echten Dialog kontaktieren Sie uns.<\/p>\n","protected":false},"excerpt":{"rendered":"Willkommen im Dialoog-Netzwerk Wir sind die Plattform f\u00fcr Dynamische Urteilsbildung\u00ae. Unsere Kernaktivit\u00e4t ist die Ausbildung von Fachkr\u00e4ften. Dynamische Urteilsbildung\u00ae ist...","protected":false},"author":1,"featured_media":0,"parent":0,"menu_order":0,"comment_status":"closed","ping_status":"closed","template":"","meta":{"_bbp_topic_count":0,"_bbp_reply_count":0,"_bbp_total_topic_count":0,"_bbp_total_reply_count":0,"_bbp_voice_count":0,"_bbp_anonymous_reply_count":0,"_bbp_topic_count_hidden":0,"_bbp_reply_count_hidden":0,"_bbp_forum_subforum_count":0,"footnotes":""},"class_list":["post-271","page","type-page","status-publish","hentry"],"aioseo_notices":[],"_links":{"self":[{"href":"https:\/\/netwerk.dialoog.net\/de\/wp-json\/wp\/v2\/pages\/271","targetHints":{"allow":["GET"]}}],"collection":[{"href":"https:\/\/netwerk.dialoog.net\/de\/wp-json\/wp\/v2\/pages"}],"about":[{"href":"https:\/\/netwerk.dialoog.net\/de\/wp-json\/wp\/v2\/types\/page"}],"author":[{"embeddable":true,"href":"https:\/\/netwerk.dialoog.net\/de\/wp-json\/wp\/v2\/users\/1"}],"replies":[{"embeddable":true,"href":"https:\/\/netwerk.dialoog.net\/de\/wp-json\/wp\/v2\/comments?post=271"}],"version-history":[{"count":6,"href":"https:\/\/netwerk.dialoog.net\/de\/wp-json\/wp\/v2\/pages\/271\/revisions"}],"predecessor-version":[{"id":3961,"href":"https:\/\/netwerk.dialoog.net\/de\/wp-json\/wp\/v2\/pages\/271\/revisions\/3961"}],"wp:attachment":[{"href":"https:\/\/netwerk.dialoog.net\/de\/wp-json\/wp\/v2\/media?parent=271"}],"curies":[{"name":"wp","href":"https:\/\/api.w.org\/{rel}","templated":true}]}}